{"id":2,"date":"2024-09-03T19:15:19","date_gmt":"2024-09-03T18:15:19","guid":{"rendered":"https:\/\/rey.az\/?page_id=2"},"modified":"2024-09-04T14:27:45","modified_gmt":"2024-09-04T13:27:45","slug":"about","status":"publish","type":"page","link":"https:\/\/rey.az\/?page_id=2","title":{"rendered":"Haqq\u0131m\u0131zda"},"content":{"rendered":"<p>&#8220;R\u0259y&#8221; Monitorinq M\u0259rk\u0259zi (MM) 2005-ci ild\u0259n Az\u0259rbaycanda f\u0259aliyy\u0259t g\u00f6st\u0259rir. M\u0259rk\u0259z ictimai r\u0259yin \u00f6yr\u0259nilm\u0259si, ekspert sor\u011fular\u0131n\u0131n ke\u00e7irilm\u0259si, sosial-siyasi v\u0259 iqtisadi m\u00f6vzularda, demoqrafiya, xarici siyas\u0259t, m\u0259d\u0259niyy\u0259t, K\u0130V v\u0259 s. sah\u0259l\u0259rd\u0259 sosioloji v\u0259 sosial-psixoloji t\u0259dqiqatlar\u0131n apar\u0131lmas\u0131nda ixtisasla\u015f\u0131b.<\/p>\n<p>Biz t\u0259dqiqat prosesini \u0259vv\u0259ld\u0259n sonad\u0259k, y\u0259ni al\u0259t v\u0259 vasit\u0259l\u0259rin haz\u0131rlanmas\u0131ndan tutmu\u015f sor\u011funun ke\u00e7irilm\u0259si v\u0259 n\u0259tic\u0259l\u0259rin t\u0259qdimat\u0131na kimi h\u0259yata ke\u00e7iririk. \u00abR\u0259y\u00bb MM m\u00fcasir vasit\u0259 v\u0259 metodlar\u0131n \u0259n geni\u015f spektrind\u0259n istifad\u0259 etm\u0259kl\u0259 m\u00fcxt\u0259lif sosioloji t\u0259dqiqatlar ke\u00e7irir, onlar\u0131n keyfiyy\u0259t v\u0259 k\u0259miyy\u0259t t\u0259hlilini apar\u0131r. Bir s\u00f6zl\u0259 bu, \u00f6lk\u0259nin \u0259n operativ v\u0259 etibarl\u0131 sosioloji xidm\u0259tl\u0259rind\u0259n biridir. T\u0259sad\u00fcfi deyil ki, d\u00fcnyan\u0131n n\u00fcfuzlu informasiya agentlikl\u0259ri v\u0259 q\u0259zetl\u0259ri x\u00fcsus\u0259n parlament v\u0259 prezident se\u00e7kil\u0259ri zaman\u0131 \u00abR\u0259y\u00bb MM-in m\u0259lumatlar\u0131na istinad edir.<\/p>\n<p>T\u0259kc\u0259 2009-cu ild\u0259 M\u0259rk\u0259z onlarla m\u00fcxt\u0259lif a\u00e7\u0131q t\u0259dqiqat aparm\u0131\u015f, bundan ba\u015fqa konkret sifari\u015f\u00e7il\u0259rin sifari\u015fi il\u0259 n\u0259tic\u0259l\u0259ri he\u00e7 yerd\u0259 d\u0259rc olunmayan sor\u011fular ke\u00e7irib. \u00abR\u0259y\u00bb MM-in sifari\u015f\u00e7il\u0259ri aras\u0131nda h\u0259m \u00f6z\u0259l, h\u0259m d\u0259 d\u00f6vl\u0259t qurumlar\u0131 var. M\u0259s\u0259l\u0259n Atat\u00fcrk M\u0259rk\u0259zinin sifari\u015fi il\u0259 \u00abAz\u0259rbaycan-T\u00fcrkiy\u0259: biri birimizi nec\u0259 g\u00f6r\u00fcr\u00fck\u00bb m\u00f6vzusunda sosial-psixoloji t\u0259dqiqat apar\u0131l\u0131b. Bundan ba\u015fqa T\u00fcrkiy\u0259 prezidenti Abdullah G\u00fcl\u00fcn \u0130r\u0259vana s\u0259f\u0259rin\u0259, AT\u018fT-in Minsk qrupunun f\u0259aliyy\u0259tin\u0259, Az\u0259rbaycan\u0131n NATO-ya q\u0259bul olunmas\u0131na, do\u011fum probleml\u0259rin\u0259 v\u0259 s. m\u00f6vzulara h\u0259sr olunmu\u015f sor\u011fular da b\u00f6y\u00fck mara\u011fa s\u0259b\u0259b olublar. T\u0259r\u0259dd\u00fcds\u00fcz dem\u0259k olar ki, \u0259ld\u0259 olunan m\u0259lumatlar\u0131n d\u0259rin v\u0259 ciddi t\u0259hlilin\u0259 x\u00fcsusi diqq\u0259t yetir\u0259n \u00abR\u0259y\u00bb MM qeyri-standart v\u0259 m\u00fcr\u0259kk\u0259b m\u0259s\u0259l\u0259l\u0259rin h\u0259llind\u0259 ixtisasla\u015f\u0131b.<\/p>\n<p>F\u0259al elektoral ara\u015fd\u0131rmalarla m\u0259\u015f\u011ful olan \u00abR\u0259y\u00bb MM parlament v\u0259 prezident se\u00e7kil\u0259ri \u0259r\u0259f\u0259sind\u0259 silsil\u0259 sor\u011fular ke\u00e7irir. Bu zaman se\u00e7icil\u0259rin \u0259hval-ruhiyy\u0259si t\u0259hlil olunmaqla yana\u015f\u0131 proqnoz modell\u0259ri d\u0259 haz\u0131rlan\u0131r. 2008-ci il prezident se\u00e7kil\u0259ri zaman\u0131 \u00abR\u0259y\u00bb MM 64 se\u00e7ki dair\u0259sinin 400 m\u0259nt\u0259q\u0259sini \u0259hat\u0259 etm\u0259kl\u0259 \u00abexit-poll\u00bb da h\u0259yata ke\u00e7irib. Bu, \u00e7ox \u00e7\u0259tin v\u0259 m\u0259suliyy\u0259tli bir i\u015f idi. Buna baxmayaraq \u00abR\u0259y\u00bb MM qabaqcadan elan etdiyi kimi se\u00e7ki m\u0259nt\u0259q\u0259l\u0259ri ba\u011flanandan c\u0259mi 1 saat sonra ilkin n\u0259tic\u0259l\u0259ri d\u0259rc ed\u0259n ilk t\u0259\u015fkilat oldu.<\/p>\n<p>\u00abR\u0259y\u00bb MM-in f\u0259aliyy\u0259tinin vacib istiqam\u0259tl\u0259rind\u0259n biri d\u0259 sosial-iqtisadi t\u0259dqiqatlar\u0131n apar\u0131lmas\u0131d\u0131r. Bu istiqam\u0259td\u0259 c\u0259miyy\u0259t h\u0259yat\u0131n\u0131n sosial v\u0259 iqtisadi sah\u0259l\u0259rinin k\u0259si\u015fm\u0259sind\u0259 ba\u015f ver\u0259n hallar, ged\u0259n prosesl\u0259r t\u0259hlil olunur. T\u0259dqiqatlar kompleks v\u0259 \u00e7oxplanl\u0131 xarakter da\u015f\u0131y\u0131r. Onlar m\u00fcr\u0259kk\u0259b sosial prosesl\u0259rin t\u0259hlilin\u0259, sosial strukturda v\u0259 ictimai \u015f\u00fcurda ba\u015f ver\u0259n d\u0259yi\u015fiklikl\u0259rl\u0259 ba\u011fl\u0131 probleml\u0259r spektrinin \u00f6yr\u0259nilm\u0259sin\u0259 y\u00f6n\u0259lib.<\/p>\n","protected":false},"excerpt":{"rendered":"<p>&#8220;R\u0259y&#8221; Monitorinq M\u0259rk\u0259zi (MM) 2005-ci ild\u0259n Az\u0259rbaycanda f\u0259aliyy\u0259t g\u00f6st\u0259rir. M\u0259rk\u0259z ictimai r\u0259yin \u00f6yr\u0259nilm\u0259si, ekspert sor\u011fular\u0131n\u0131n ke\u00e7irilm\u0259si, sosial-siyasi v\u0259 iqtisadi m\u00f6vzularda, demoqrafiya, xarici siyas\u0259t, m\u0259d\u0259niyy\u0259t, K\u0130V v\u0259 s. sah\u0259l\u0259rd\u0259 sosioloji v\u0259 sosial-psixoloji t\u0259dqiqatlar\u0131n apar\u0131lmas\u0131nda ixtisasla\u015f\u0131b. Biz t\u0259dqiqat prosesini \u0259vv\u0259ld\u0259n sonad\u0259k, y\u0259ni al\u0259t v\u0259 vasit\u0259l\u0259rin haz\u0131rlanmas\u0131ndan tutmu\u015f sor\u011funun ke\u00e7irilm\u0259si v\u0259 n\u0259tic\u0259l\u0259rin t\u0259qdimat\u0131na kimi h\u0259yata ke\u00e7iririk. \u00abR\u0259y\u00bb MM &hellip; <a href=\"https:\/\/rey.az\/?page_id=2\" class=\"more-link\">Continue reading <span class=\"screen-reader-text\">Haqq\u0131m\u0131zda<\/span><\/a><\/p>\n","protected":false},"author":1,"featured_media":0,"parent":0,"menu_order":0,"comment_status":"closed","ping_status":"open","template":"","meta":{"footnotes":""},"class_list":["post-2","page","type-page","status-publish","hentry"],"_links":{"self":[{"href":"https:\/\/rey.az\/index.php?rest_route=\/wp\/v2\/pages\/2","targetHints":{"allow":["GET"]}}],"collection":[{"href":"https:\/\/rey.az\/index.php?rest_route=\/wp\/v2\/pages"}],"about":[{"href":"https:\/\/rey.az\/index.php?rest_route=\/wp\/v2\/types\/page"}],"author":[{"embeddable":true,"href":"https:\/\/rey.az\/index.php?rest_route=\/wp\/v2\/users\/1"}],"replies":[{"embeddable":true,"href":"https:\/\/rey.az\/index.php?rest_route=%2Fwp%2Fv2%2Fcomments&post=2"}],"version-history":[{"count":2,"href":"https:\/\/rey.az\/index.php?rest_route=\/wp\/v2\/pages\/2\/revisions"}],"predecessor-version":[{"id":11,"href":"https:\/\/rey.az\/index.php?rest_route=\/wp\/v2\/pages\/2\/revisions\/11"}],"wp:attachment":[{"href":"https:\/\/rey.az\/index.php?rest_route=%2Fwp%2Fv2%2Fmedia&parent=2"}],"curies":[{"name":"wp","href":"https:\/\/api.w.org\/{rel}","templated":true}]}}